{"id":401,"date":"2023-08-17T09:00:26","date_gmt":"2023-08-17T12:00:26","guid":{"rendered":"https:\/\/realizanegocial.com.br\/?page_id=401"},"modified":"2024-01-23T09:42:32","modified_gmt":"2024-01-23T12:42:32","slug":"abertura-de-contas","status":"publish","type":"page","link":"https:\/\/realizanegocial.com.br\/index.php\/abertura-de-contas\/","title":{"rendered":"Abertura de contas"},"content":{"rendered":"\r\n<h2 class=\"wp-block-heading has-text-align-center\" style=\"font-size:clamp(26.465px, 1.654rem + ((1vw - 3.2px) * 2.106), 45px);\"><mark style=\"background-color: rgba(0, 0, 0, 0); color: #ff914d;\">Abertura de Contas<\/mark><\/h2>\r\n\r\n\r\n\r\n<figure class=\"wp-block-image aligncenter size-full\">\r\n<p><img loading=\"lazy\" decoding=\"async\" class=\"aligncenter wp-image-863 size-full\" src=\"https:\/\/realizanegocial.com.br\/wp-content\/uploads\/2024\/01\/abertura-de-contas-grande.jpg\" alt=\"\" width=\"750\" height=\"422\" srcset=\"https:\/\/realizanegocial.com.br\/wp-content\/uploads\/2024\/01\/abertura-de-contas-grande.jpg 750w, https:\/\/realizanegocial.com.br\/wp-content\/uploads\/2024\/01\/abertura-de-contas-grande-300x169.jpg 300w\" sizes=\"(max-width: 750px) 100vw, 750px\" \/><\/p>\r\n<\/figure>\r\n\r\n\r\n\r\n<div class=\"wp-block-columns is-layout-flex wp-container-core-columns-layout-1 wp-block-columns-is-layout-flex\">\r\n<div class=\"wp-block-column is-layout-flow wp-block-column-is-layout-flow\" style=\"flex-basis: 25%;\">\u00a0<\/div>\r\n\r\n\r\n\r\n<div class=\"wp-block-column is-layout-flow wp-block-column-is-layout-flow\" style=\"flex-basis: 50%;\">\r\n<h3 class=\"wp-block-heading has-text-align-center\" style=\"font-size:clamp(18.959px, 1.185rem + ((1vw - 3.2px) * 1.255), 30px);\"><strong>Op\u00e7\u00f5es de <mark style=\"background-color: rgba(0, 0, 0, 0); color: #f98a46;\">Contas <\/mark><mark style=\"background-color: rgba(0, 0, 0, 0); color: #004aad;\">Caixa <\/mark>para voc\u00ea<\/strong><\/h3>\r\n\r\n\r\n\r\n<p style=\"margin-right: var(--wp--preset--spacing--30); margin-left: var(--wp--preset--spacing--30); font-size:clamp(18.959px, 1.185rem + ((1vw - 3.2px) * 1.255), 30px);\"><strong><mark style=\"background-color: rgba(0, 0, 0, 0); color: #004aad;\">Conta corrente<\/mark><\/strong><\/p>\r\n\r\n\r\n\r\n<p style=\"font-size:clamp(14.642px, 0.915rem + ((1vw - 3.2px) * 0.836), 22px); margin: var(--wp--preset--spacing--30); text-align: justify;\">Com a Conta Corrente CAIXA, voc\u00ea tem a livre movimenta\u00e7\u00e3o do seu dinheiro contando com toda agilidade e seguran\u00e7a dos servi\u00e7os e canais CAIXA. Acessando sua conta pela internet ou celular voc\u00ea pode verificar saldos e extrato de movimenta\u00e7\u00f5es, efetuar pagamentos, transfer\u00eancias, DOC, TED, aplica\u00e7\u00f5es financeiras em renda fixa ou fundos de investimento, cadastrar contas para d\u00e9bito autom\u00e1tico, carregar cr\u00e9ditos de celular, fazer jogos de loterias e muito mais, tudo de onde estiver, sem ter que sair de casa ou do trabalho. Al\u00e9m disso, voc\u00ea pode sacar, depositar e pagar contas nas casas lot\u00e9ricas e Correspondentes CAIXA Aqui, al\u00e9m das ag\u00eancias da CAIXA.<\/p>\r\n<p style=\"font-size: 22px; margin: 0 var(--wp--preset--spacing--30) 0 var(--wp--preset--spacing--30);\">\r\n\r\n<\/p>\r\n<p style=\"padding-right: var(--wp--preset--spacing--30); padding-left: var(--wp--preset--spacing--30); font-size:clamp(18.959px, 1.185rem + ((1vw - 3.2px) * 1.255), 30px);\"><strong><mark style=\"background-color: rgba(0, 0, 0, 0); color: #004aad;\">Conta Poupan\u00e7a<\/mark><\/strong><\/p>\r\n<p style=\"font-size: 22px; margin: 0 var(--wp--preset--spacing--30) 0 var(--wp--preset--spacing--30);\">\r\n\r\n<\/p>\r\n<p style=\"margin-right: var(--wp--preset--spacing--30); margin-left: var(--wp--preset--spacing--30); font-size:clamp(14.642px, 0.915rem + ((1vw - 3.2px) * 0.836), 22px); text-align: justify;\">Abertura de Contas Op\u00e7\u00f5es de Contas Caixa para voc\u00ea Conta corrente Com a Conta Corrente CAIXA, voc\u00ea tem a livre movimenta\u00e7\u00e3o do seu dinheiro contando com toda agilidade e seguran\u00e7a dos servi\u00e7os e canais CAIXA. Acessando sua conta pela internet ou celular voc\u00ea pode verificar saldos e extrato de movimenta\u00e7\u00f5es, efetuar pagamentos, transfer\u00eancias, DOC, TED, aplica\u00e7\u00f5es financeiras em renda fixa ou fundos de investimento, cadastrar contas para d\u00e9bito autom\u00e1tico, carregar cr\u00e9ditos de celular, fazer jogos de loterias e muito mais, tudo de onde estiver, sem ter que sair de casa ou do trabalho. Al\u00e9m disso, voc\u00ea pode sacar, depositar e pagar contas nas casas lot\u00e9ricas e Correspondentes CAIXA Aqui, al\u00e9m das ag\u00eancias da CAIXA. Poupan\u00e7a A Poupan\u00e7a da CAIXA ajuda milh\u00f5es de brasileiros a poupar dinheiro h\u00e1 mais de 150 anos.<\/p>\r\n<p style=\"margin-right: var(--wp--preset--spacing--30); margin-left: var(--wp--preset--spacing--30); font-size: 22px;\"><\/p>\r\n<\/div>\r\n\r\n\r\n\r\n<div class=\"wp-block-column is-layout-flow wp-block-column-is-layout-flow\" style=\"flex-basis: 25%;\">\u00a0<\/div>\r\n<\/div>\r\n","protected":false},"excerpt":{"rendered":"<p>Abertura de Contas \u00a0 Op\u00e7\u00f5es de Contas Caixa para voc\u00ea Conta corrente Com a Conta Corrente CAIXA, voc\u00ea tem a livre movimenta\u00e7\u00e3o do seu dinheiro contando com toda agilidade e seguran\u00e7a dos servi\u00e7os e canais CAIXA. Acessando sua conta pela internet ou celular voc\u00ea pode verificar saldos e extrato de movimenta\u00e7\u00f5es, efetuar pagamentos, transfer\u00eancias, DOC, [&hellip;]<\/p>\n","protected":false},"author":1,"featured_media":0,"parent":0,"menu_order":0,"comment_status":"closed","ping_status":"closed","template":"","meta":{"footnotes":"","_joinchat":[]},"_links":{"self":[{"href":"https:\/\/realizanegocial.com.br\/index.php\/wp-json\/wp\/v2\/pages\/401"}],"collection":[{"href":"https:\/\/realizanegocial.com.br\/index.php\/wp-json\/wp\/v2\/pages"}],"about":[{"href":"https:\/\/realizanegocial.com.br\/index.php\/wp-json\/wp\/v2\/types\/page"}],"author":[{"embeddable":true,"href":"https:\/\/realizanegocial.com.br\/index.php\/wp-json\/wp\/v2\/users\/1"}],"replies":[{"embeddable":true,"href":"https:\/\/realizanegocial.com.br\/index.php\/wp-json\/wp\/v2\/comments?post=401"}],"version-history":[{"count":29,"href":"https:\/\/realizanegocial.com.br\/index.php\/wp-json\/wp\/v2\/pages\/401\/revisions"}],"predecessor-version":[{"id":864,"href":"https:\/\/realizanegocial.com.br\/index.php\/wp-json\/wp\/v2\/pages\/401\/revisions\/864"}],"wp:attachment":[{"href":"https:\/\/realizanegocial.com.br\/index.php\/wp-json\/wp\/v2\/media?parent=401"}],"curies":[{"name":"wp","href":"https:\/\/api.w.org\/{rel}","templated":true}]}}