{"id":26,"date":"2023-08-14T14:23:42","date_gmt":"2023-08-14T17:23:42","guid":{"rendered":"https:\/\/amandazenckel18.wordpress.com\/?page_id=26"},"modified":"2023-12-12T09:21:46","modified_gmt":"2023-12-12T12:21:46","slug":"etapas-do-financiamento","status":"publish","type":"page","link":"https:\/\/realizanegocial.com.br\/index.php\/etapas-do-financiamento\/","title":{"rendered":"Etapas do Financiamento"},"content":{"rendered":"\n<figure class=\"wp-block-image aligncenter size-large is-resized\"><img loading=\"lazy\" decoding=\"async\" width=\"1173\" height=\"1123\" src=\"http:\/\/realizanegocial-com-br.preview-domain.com\/wp-content\/uploads\/2023\/08\/copia-de-escolha-do-imovel-projeto-e1692015344419.png?w=1024\" alt=\"\" class=\"wp-image-116\" style=\"aspect-ratio:1;width:764px;height:auto\" srcset=\"https:\/\/realizanegocial.com.br\/wp-content\/uploads\/2023\/08\/copia-de-escolha-do-imovel-projeto-e1692015344419.png 1173w, https:\/\/realizanegocial.com.br\/wp-content\/uploads\/2023\/08\/copia-de-escolha-do-imovel-projeto-e1692015344419-300x287.png 300w, https:\/\/realizanegocial.com.br\/wp-content\/uploads\/2023\/08\/copia-de-escolha-do-imovel-projeto-e1692015344419-1024x980.png 1024w, https:\/\/realizanegocial.com.br\/wp-content\/uploads\/2023\/08\/copia-de-escolha-do-imovel-projeto-e1692015344419-768x735.png 768w\" sizes=\"(max-width: 1173px) 100vw, 1173px\" \/><\/figure>\n\n\n\n<hr class=\"wp-block-separator has-alpha-channel-opacity\"\/>\n\n\n\n<p class=\"has-text-align-center has-large-font-size\"><strong>Clique para saber mais <mark style=\"background-color:rgba(0, 0, 0, 0);color:#f68640\" class=\"has-inline-color\">detalhes<\/mark><\/strong><\/p>\n\n\n\n<div class=\"wp-block-columns is-layout-flex wp-container-core-columns-layout-1 wp-block-columns-is-layout-flex\">\n<div class=\"wp-block-column is-layout-flow wp-block-column-is-layout-flow\" style=\"flex-basis:25%\"><\/div>\n\n\n\n<div class=\"wp-block-column is-layout-flow wp-block-column-is-layout-flow\" style=\"flex-basis:50%\">\n<details class=\"wp-block-details has-text-color has-link-color wp-elements-908a8f745f77cc89d1cc7391be0b7718 is-layout-flow wp-block-details-is-layout-flow\" style=\"color:#004aad;font-size:clamp(14.642px, 0.915rem + ((1vw - 3.2px) * 0.836), 22px);\"><summary>Simulador | Avalia\u00e7\u00e3o de Cr\u00e9dito<\/summary>\n<figure class=\"wp-block-image size-full is-style-default\"><img loading=\"lazy\" decoding=\"async\" width=\"660\" height=\"206\" src=\"https:\/\/realizanegocial.com.br\/wp-content\/uploads\/2023\/08\/icone-1-e1692015590883-1.png\" alt=\"\" class=\"wp-image-118\" srcset=\"https:\/\/realizanegocial.com.br\/wp-content\/uploads\/2023\/08\/icone-1-e1692015590883-1.png 660w, https:\/\/realizanegocial.com.br\/wp-content\/uploads\/2023\/08\/icone-1-e1692015590883-1-300x94.png 300w\" sizes=\"(max-width: 660px) 100vw, 660px\" \/><\/figure>\n<\/details>\n<\/div>\n\n\n\n<div class=\"wp-block-column is-layout-flow wp-block-column-is-layout-flow\" style=\"flex-basis:25%\"><\/div>\n<\/div>\n\n\n\n<div class=\"wp-block-columns is-layout-flex wp-container-core-columns-layout-2 wp-block-columns-is-layout-flex\">\n<div class=\"wp-block-column is-layout-flow wp-block-column-is-layout-flow\" style=\"flex-basis:25%\"><\/div>\n\n\n\n<div class=\"wp-block-column is-layout-flow wp-block-column-is-layout-flow\" style=\"flex-basis:50%\">\n<details class=\"wp-block-details has-text-color has-link-color wp-elements-4471a4373acb3f1206b9e9fb92a75b8c is-layout-flow wp-block-details-is-layout-flow\" style=\"color:#004aad;font-size:clamp(14.642px, 0.915rem + ((1vw - 3.2px) * 0.836), 22px);\"><summary>Escolha do Im\u00f3vel | Projeto<\/summary>\n<figure class=\"wp-block-image size-full\"><img loading=\"lazy\" decoding=\"async\" width=\"656\" height=\"203\" src=\"https:\/\/realizanegocial.com.br\/wp-content\/uploads\/2023\/08\/icone-2-e1692015677399.png\" alt=\"\" class=\"wp-image-119\" srcset=\"https:\/\/realizanegocial.com.br\/wp-content\/uploads\/2023\/08\/icone-2-e1692015677399.png 656w, https:\/\/realizanegocial.com.br\/wp-content\/uploads\/2023\/08\/icone-2-e1692015677399-300x93.png 300w\" sizes=\"(max-width: 656px) 100vw, 656px\" \/><\/figure>\n<\/details>\n<\/div>\n\n\n\n<div class=\"wp-block-column is-layout-flow wp-block-column-is-layout-flow\" style=\"flex-basis:25%\"><\/div>\n<\/div>\n\n\n\n<div class=\"wp-block-columns is-layout-flex wp-container-core-columns-layout-3 wp-block-columns-is-layout-flex\">\n<div class=\"wp-block-column is-layout-flow wp-block-column-is-layout-flow\" style=\"flex-basis:25%\"><\/div>\n\n\n\n<div class=\"wp-block-column is-layout-flow wp-block-column-is-layout-flow\" style=\"flex-basis:50%\">\n<details class=\"wp-block-details has-text-color has-link-color wp-elements-8aa886686cd657a452d732ccde4d56ae is-layout-flow wp-block-details-is-layout-flow\" style=\"color:#004aad;font-size:clamp(14.642px, 0.915rem + ((1vw - 3.2px) * 0.836), 22px);\"><summary>Avalia\u00e7\u00e3o da Engenharia<\/summary>\n<figure class=\"wp-block-image size-full\"><img loading=\"lazy\" decoding=\"async\" width=\"676\" height=\"220\" src=\"https:\/\/realizanegocial.com.br\/wp-content\/uploads\/2023\/08\/icone-3-e1692015724990-1.png\" alt=\"\" class=\"wp-image-123\" srcset=\"https:\/\/realizanegocial.com.br\/wp-content\/uploads\/2023\/08\/icone-3-e1692015724990-1.png 676w, https:\/\/realizanegocial.com.br\/wp-content\/uploads\/2023\/08\/icone-3-e1692015724990-1-300x98.png 300w\" sizes=\"(max-width: 676px) 100vw, 676px\" \/><\/figure>\n<\/details>\n<\/div>\n\n\n\n<div class=\"wp-block-column is-layout-flow wp-block-column-is-layout-flow\" style=\"flex-basis:25%\"><\/div>\n<\/div>\n\n\n\n<div class=\"wp-block-columns is-layout-flex wp-container-core-columns-layout-4 wp-block-columns-is-layout-flex\">\n<div class=\"wp-block-column is-layout-flow wp-block-column-is-layout-flow\" style=\"flex-basis:25%\"><\/div>\n\n\n\n<div class=\"wp-block-column is-layout-flow wp-block-column-is-layout-flow\" style=\"flex-basis:50%\">\n<details class=\"wp-block-details has-text-color has-link-color wp-elements-4bbe89ef59c325352ed78b9ca9237146 is-layout-flow wp-block-details-is-layout-flow\" style=\"color:#004aad;font-size:clamp(14.642px, 0.915rem + ((1vw - 3.2px) * 0.836), 22px);\"><summary>An\u00e1lise da Documenta\u00e7\u00e3o<\/summary>\n<figure class=\"wp-block-image size-full\"><img loading=\"lazy\" decoding=\"async\" width=\"660\" height=\"196\" src=\"https:\/\/realizanegocial.com.br\/wp-content\/uploads\/2023\/08\/icone-4-e1692016025654.png\" alt=\"\" class=\"wp-image-122\" srcset=\"https:\/\/realizanegocial.com.br\/wp-content\/uploads\/2023\/08\/icone-4-e1692016025654.png 660w, https:\/\/realizanegocial.com.br\/wp-content\/uploads\/2023\/08\/icone-4-e1692016025654-300x89.png 300w\" sizes=\"(max-width: 660px) 100vw, 660px\" \/><\/figure>\n<\/details>\n<\/div>\n\n\n\n<div class=\"wp-block-column is-layout-flow wp-block-column-is-layout-flow\" style=\"flex-basis:25%\"><\/div>\n<\/div>\n\n\n\n<div class=\"wp-block-columns is-layout-flex wp-container-core-columns-layout-5 wp-block-columns-is-layout-flex\">\n<div class=\"wp-block-column is-layout-flow wp-block-column-is-layout-flow\" style=\"flex-basis:25%\"><\/div>\n\n\n\n<div class=\"wp-block-column is-layout-flow wp-block-column-is-layout-flow\" style=\"flex-basis:50%\">\n<details class=\"wp-block-details has-text-color has-link-color wp-elements-daa6b11ed4dfce502703bc1b2e4a2d00 is-layout-flow wp-block-details-is-layout-flow\" style=\"color:#004aad;font-size:clamp(14.642px, 0.915rem + ((1vw - 3.2px) * 0.836), 22px);\"><summary>Assinatura do Contrato<\/summary>\n<figure class=\"wp-block-image size-full\"><img loading=\"lazy\" decoding=\"async\" width=\"663\" height=\"216\" src=\"https:\/\/realizanegocial.com.br\/wp-content\/uploads\/2023\/08\/icone-5-e1692016056639.png\" alt=\"\" class=\"wp-image-124\" srcset=\"https:\/\/realizanegocial.com.br\/wp-content\/uploads\/2023\/08\/icone-5-e1692016056639.png 663w, https:\/\/realizanegocial.com.br\/wp-content\/uploads\/2023\/08\/icone-5-e1692016056639-300x98.png 300w\" sizes=\"(max-width: 663px) 100vw, 663px\" \/><\/figure>\n<\/details>\n<\/div>\n\n\n\n<div class=\"wp-block-column is-layout-flow wp-block-column-is-layout-flow\" style=\"flex-basis:25%\"><\/div>\n<\/div>\n","protected":false},"excerpt":{"rendered":"<p>Clique para saber mais detalhes<\/p>\n","protected":false},"author":1,"featured_media":0,"parent":0,"menu_order":0,"comment_status":"closed","ping_status":"closed","template":"","meta":{"footnotes":"","_joinchat":[]},"_links":{"self":[{"href":"https:\/\/realizanegocial.com.br\/index.php\/wp-json\/wp\/v2\/pages\/26"}],"collection":[{"href":"https:\/\/realizanegocial.com.br\/index.php\/wp-json\/wp\/v2\/pages"}],"about":[{"href":"https:\/\/realizanegocial.com.br\/index.php\/wp-json\/wp\/v2\/types\/page"}],"author":[{"embeddable":true,"href":"https:\/\/realizanegocial.com.br\/index.php\/wp-json\/wp\/v2\/users\/1"}],"replies":[{"embeddable":true,"href":"https:\/\/realizanegocial.com.br\/index.php\/wp-json\/wp\/v2\/comments?post=26"}],"version-history":[{"count":14,"href":"https:\/\/realizanegocial.com.br\/index.php\/wp-json\/wp\/v2\/pages\/26\/revisions"}],"predecessor-version":[{"id":794,"href":"https:\/\/realizanegocial.com.br\/index.php\/wp-json\/wp\/v2\/pages\/26\/revisions\/794"}],"wp:attachment":[{"href":"https:\/\/realizanegocial.com.br\/index.php\/wp-json\/wp\/v2\/media?parent=26"}],"curies":[{"name":"wp","href":"https:\/\/api.w.org\/{rel}","templated":true}]}}