{"id":25,"date":"2023-08-14T14:23:45","date_gmt":"2023-08-14T17:23:45","guid":{"rendered":"https:\/\/amandazenckel18.wordpress.com\/?page_id=25"},"modified":"2023-12-08T13:41:55","modified_gmt":"2023-12-08T16:41:55","slug":"sobre-nos","status":"publish","type":"page","link":"https:\/\/realizanegocial.com.br\/index.php\/sobre-nos\/","title":{"rendered":"Sobre n\u00f3s"},"content":{"rendered":"\r\n<div class=\"wp-block-media-text alignfull has-media-on-the-right is-stacked-on-mobile has-background\" style=\"background-color: #004aad; padding: 0;\">\r\n<div class=\"wp-block-media-text__content\">\r\n<div class=\"wp-block-group has-xx-large-font-size is-vertical is-layout-flex wp-container-core-group-layout-1 wp-block-group-is-layout-flex\" style=\"padding: var(--wp--preset--spacing--40);\">\r\n<h1 class=\"wp-block-heading has-text-align-center has-base-color has-text-color\" style=\"font-size:clamp(50.171px, 3.136rem + ((1vw - 3.2px) * 5.662), 100px);\"><strong><mark class=\"has-inline-color has-base-color\" style=\"background-color: rgba(0, 0, 0, 0);\">Sobre <\/mark><\/strong><\/h1>\r\n\r\n\r\n\r\n<h1 class=\"wp-block-heading has-text-align-center\" style=\"font-size:clamp(50.171px, 3.136rem + ((1vw - 3.2px) * 5.662), 100px);\"><mark class=\"has-inline-color\" style=\"background-color: rgba(0, 0, 0, 0); color: #ff914d;\"><strong>N\u00f3s<\/strong><\/mark><\/h1>\r\n<\/div>\r\n<\/div>\r\n<figure class=\"wp-block-media-text__media\"><img loading=\"lazy\" decoding=\"async\" width=\"1080\" height=\"1080\" class=\"wp-image-69 size-full\" src=\"http:\/\/realizanegocial-com-br.preview-domain.com\/wp-content\/uploads\/2023\/08\/cliente-1-1.png?w=1024\" alt=\"\" srcset=\"https:\/\/realizanegocial.com.br\/wp-content\/uploads\/2023\/08\/cliente-1-1.png 1080w, https:\/\/realizanegocial.com.br\/wp-content\/uploads\/2023\/08\/cliente-1-1-300x300.png 300w, https:\/\/realizanegocial.com.br\/wp-content\/uploads\/2023\/08\/cliente-1-1-1024x1024.png 1024w, https:\/\/realizanegocial.com.br\/wp-content\/uploads\/2023\/08\/cliente-1-1-150x150.png 150w, https:\/\/realizanegocial.com.br\/wp-content\/uploads\/2023\/08\/cliente-1-1-768x768.png 768w\" sizes=\"(max-width: 1080px) 100vw, 1080px\" \/><\/figure>\r\n<\/div>\r\n\r\n\r\n\r\n<h2 class=\"wp-block-heading has-text-align-center\" style=\"font-size:clamp(33.419px, 2.089rem + ((1vw - 3.2px) * 3.021), 60px);\"><mark class=\"has-inline-color\" style=\"background-color: rgba(0, 0, 0, 0); color: #004aad;\">Quem somos?<\/mark><\/h2>\r\n\r\n\r\n<hr class=\"wp-block-separator has-alpha-channel-opacity\" \/>\r\n\r\n\r\n<div class=\"wp-block-columns is-layout-flex wp-container-core-columns-layout-1 wp-block-columns-is-layout-flex\">\r\n<div class=\"wp-block-column is-layout-flow wp-block-column-is-layout-flow\" style=\"flex-basis: 25%;\">\u00a0<\/div>\r\n\r\n\r\n\r\n<div class=\"wp-block-column is-layout-flow wp-block-column-is-layout-flow\" style=\"flex-basis: 50%;\">\r\n<p class=\"has-text-align-justify\" style=\"padding-right: var(--wp--preset--spacing--30); padding-left: var(--wp--preset--spacing--30); font-size:clamp(14.642px, 0.915rem + ((1vw - 3.2px) * 0.836), 22px); text-align: justify;\">Em 2010 iniciamos a lot\u00e9rica na cidade de Ibirarema\/SP e dois anos depois ampliamos o atendimento para a linha negocial da Caixa.<br \/>A partir da\u00ed a empresa foi se desenvolvendo e se tornando refer\u00eancia nos servi\u00e7os de abertura de contas, empr\u00e9stimos, cons\u00f3rcios, seguros e o nosso carro chefe que \u00e9 o financiamento habitacional. De l\u00e1 para c\u00e1 j\u00e1 s\u00e3o mais de 200 clientes que puderam ter os seus sonhos realizados por meio do nosso trabalho.<br \/>Em 2023 abrimos nossa segunda unidade na cidade de Palmital\/SP trazendo todo o conhecimento e agilidade para mais clientes.<br \/>Como nesses \u00faltimos anos nos tornamos uma empresa de refer\u00eancia nos processos negociais da Caixa Econ\u00f4mica Federal, estamos ampliando nossos servi\u00e7os e entramos no mercado de capacita\u00e7\u00e3o empresarial para clientes e parceiros. Agora tamb\u00e9m oferecemos cursos, palestras, mentorias, imers\u00f5es e suporte para correspondentes, lot\u00e9ricos, respons\u00e1veis t\u00e9cnicos da constru\u00e7\u00e3o civil, corretores e imobili\u00e1rias que querem otimizar seus neg\u00f3cios e ampliar os servi\u00e7os oferecidos para as suas unidades.<\/p>\r\n<\/div>\r\n\r\n\r\n\r\n<div class=\"wp-block-column is-layout-flow wp-block-column-is-layout-flow\" style=\"flex-basis: 25%;\">\u00a0<\/div>\r\n<\/div>\r\n\r\n\r\n\r\n<p>&nbsp;<\/p>\r\n\r\n\r\n\r\n<div class=\"wp-block-columns is-layout-flex wp-container-core-columns-layout-2 wp-block-columns-is-layout-flex\">\r\n<div class=\"wp-block-column is-layout-flow wp-block-column-is-layout-flow\">\r\n<h2 class=\"wp-block-heading has-text-align-center has-custom-cor-1-color has-text-color has-link-color wp-elements-6ebfe980ac6e1be0991a186bced7683c\" style=\"font-size:clamp(28.836px, 1.802rem + ((1vw - 3.2px) * 2.405), 50px);\"><mark class=\"has-inline-color\" style=\"background-color: rgba(0, 0, 0, 0); color: #ff914d;\">Miss\u00e3o<\/mark><\/h2>\r\n\r\n\r\n\r\n<figure class=\"wp-block-image aligncenter size-full is-resized wp-duotone-004aad-ffffff-1\"><img loading=\"lazy\" decoding=\"async\" width=\"256\" height=\"256\" class=\"wp-image-49\" style=\"aspect-ratio: 1; width: 161px; height: auto;\" src=\"https:\/\/realizanegocial.com.br\/wp-content\/uploads\/2023\/08\/free-android-studio-3244511-2701880.png\" alt=\"\" srcset=\"https:\/\/realizanegocial.com.br\/wp-content\/uploads\/2023\/08\/free-android-studio-3244511-2701880.png 256w, https:\/\/realizanegocial.com.br\/wp-content\/uploads\/2023\/08\/free-android-studio-3244511-2701880-150x150.png 150w\" sizes=\"(max-width: 256px) 100vw, 256px\" \/><\/figure>\r\n\r\n\r\n\r\n<p class=\"has-text-align-left\" style=\"padding-right: var(--wp--preset--spacing--30); padding-left: var(--wp--preset--spacing--30); font-size:clamp(14.642px, 0.915rem + ((1vw - 3.2px) * 0.836), 22px); text-align: justify;\">Realizar os sonhos e desejos de nossos clientes por meio de opera\u00e7\u00f5es de cr\u00e9dito, cons\u00f3rcios e financiamentos habitacionais.<\/p>\r\n<\/div>\r\n\r\n\r\n\r\n<div class=\"wp-block-column is-layout-flow wp-block-column-is-layout-flow\">\r\n<h2 class=\"wp-block-heading has-text-align-center\" style=\"font-size:clamp(28.836px, 1.802rem + ((1vw - 3.2px) * 2.405), 50px);\"><mark class=\"has-inline-color\" style=\"background-color: rgba(0, 0, 0, 0); color: #ff914d;\">Vis\u00e3o<\/mark><\/h2>\r\n\r\n\r\n<hr class=\"wp-block-separator has-text-color has-base-color has-alpha-channel-opacity has-base-background-color has-background\" \/>\r\n\r\n\r\n<figure class=\"wp-block-image aligncenter size-full is-resized wp-duotone-004aad-ffffff-2\"><img loading=\"lazy\" decoding=\"async\" width=\"300\" height=\"157\" class=\"wp-image-95\" style=\"aspect-ratio: 1.910828025477707; width: 171px; height: auto;\" src=\"https:\/\/realizanegocial.com.br\/wp-content\/uploads\/2023\/08\/eye-icon-2.png\" alt=\"\" \/><\/figure>\r\n\r\n\r\n<hr class=\"wp-block-separator has-text-color has-base-color has-alpha-channel-opacity has-base-background-color has-background\" \/>\r\n\r\n<hr class=\"wp-block-separator has-text-color has-base-color has-alpha-channel-opacity has-base-background-color has-background\" \/>\r\n\r\n\r\n<p class=\"has-text-align-left\" style=\"margin-right: var(--wp--preset--spacing--30); margin-left: var(--wp--preset--spacing--30); font-size:clamp(14.642px, 0.915rem + ((1vw - 3.2px) * 0.836), 22px); text-align: justify;\">Ser a empresa refer\u00eancia em fornecimento de cr\u00e9dito habitacional da regi\u00e3o.<\/p>\r\n<\/div>\r\n\r\n\r\n\r\n<div class=\"wp-block-column is-layout-flow wp-block-column-is-layout-flow\">\r\n<h2 class=\"wp-block-heading has-text-align-center\" style=\"font-size:clamp(28.836px, 1.802rem + ((1vw - 3.2px) * 2.405), 50px);\"><mark class=\"has-inline-color\" style=\"background-color: rgba(0, 0, 0, 0); color: #ff914d;\">Valores<\/mark><\/h2>\r\n\r\n\r\n\r\n<figure class=\"wp-block-image aligncenter size-full is-resized wp-duotone-004aad-ffffff-3\"><img loading=\"lazy\" decoding=\"async\" width=\"256\" height=\"256\" class=\"wp-image-96\" style=\"aspect-ratio: 1; width: 159px; height: auto;\" src=\"https:\/\/realizanegocial.com.br\/wp-content\/uploads\/2023\/08\/values-icon-1-1.png\" alt=\"\" srcset=\"https:\/\/realizanegocial.com.br\/wp-content\/uploads\/2023\/08\/values-icon-1-1.png 256w, https:\/\/realizanegocial.com.br\/wp-content\/uploads\/2023\/08\/values-icon-1-1-150x150.png 150w\" sizes=\"(max-width: 256px) 100vw, 256px\" \/><\/figure>\r\n\r\n\r\n\r\n<ul>\r\n<li style=\"font-size:clamp(14.642px, 0.915rem + ((1vw - 3.2px) * 0.836), 22px); font-style: normal; font-weight: 400;\">Crescimento Compartilhado;<\/li>\r\n<\/ul>\r\n\r\n\r\n\r\n<ul>\r\n<li style=\"font-size:clamp(14.642px, 0.915rem + ((1vw - 3.2px) * 0.836), 22px); font-style: normal; font-weight: 400;\">Flexibilidade;<\/li>\r\n<\/ul>\r\n\r\n\r\n\r\n<ul>\r\n<li style=\"font-size:clamp(14.642px, 0.915rem + ((1vw - 3.2px) * 0.836), 22px); font-style: normal; font-weight: 400;\">Agilidade;<\/li>\r\n<\/ul>\r\n\r\n\r\n\r\n<ul style=\"font-size:clamp(14.642px, 0.915rem + ((1vw - 3.2px) * 0.836), 22px);\">\r\n<li style=\"font-size:clamp(14.642px, 0.915rem + ((1vw - 3.2px) * 0.836), 22px); font-style: normal; font-weight: 400;\">Inova\u00e7\u00e3o;<\/li>\r\n<\/ul>\r\n\r\n\r\n\r\n<ul>\r\n<li style=\"font-size:clamp(14.642px, 0.915rem + ((1vw - 3.2px) * 0.836), 22px); font-style: normal; font-weight: 400;\">\u00c9tica.<\/li>\r\n<\/ul>\r\n<\/div>\r\n<\/div>\r\n","protected":false},"excerpt":{"rendered":"<p>Quem somos? \u00a0 Em 2010 iniciamos a lot\u00e9rica na cidade de Ibirarema\/SP e dois anos depois ampliamos o atendimento para a linha negocial da Caixa.A partir da\u00ed a empresa foi se desenvolvendo e se tornando refer\u00eancia nos servi\u00e7os de abertura de contas, empr\u00e9stimos, cons\u00f3rcios, seguros e o nosso carro chefe que \u00e9 o financiamento habitacional. [&hellip;]<\/p>\n","protected":false},"author":1,"featured_media":0,"parent":0,"menu_order":0,"comment_status":"closed","ping_status":"closed","template":"","meta":{"footnotes":"","_joinchat":[]},"_links":{"self":[{"href":"https:\/\/realizanegocial.com.br\/index.php\/wp-json\/wp\/v2\/pages\/25"}],"collection":[{"href":"https:\/\/realizanegocial.com.br\/index.php\/wp-json\/wp\/v2\/pages"}],"about":[{"href":"https:\/\/realizanegocial.com.br\/index.php\/wp-json\/wp\/v2\/types\/page"}],"author":[{"embeddable":true,"href":"https:\/\/realizanegocial.com.br\/index.php\/wp-json\/wp\/v2\/users\/1"}],"replies":[{"embeddable":true,"href":"https:\/\/realizanegocial.com.br\/index.php\/wp-json\/wp\/v2\/comments?post=25"}],"version-history":[{"count":38,"href":"https:\/\/realizanegocial.com.br\/index.php\/wp-json\/wp\/v2\/pages\/25\/revisions"}],"predecessor-version":[{"id":780,"href":"https:\/\/realizanegocial.com.br\/index.php\/wp-json\/wp\/v2\/pages\/25\/revisions\/780"}],"wp:attachment":[{"href":"https:\/\/realizanegocial.com.br\/index.php\/wp-json\/wp\/v2\/media?parent=25"}],"curies":[{"name":"wp","href":"https:\/\/api.w.org\/{rel}","templated":true}]}}