{"id":153,"date":"2023-08-14T14:23:50","date_gmt":"2023-08-14T17:23:50","guid":{"rendered":"https:\/\/amandazenckel18.wordpress.com\/?page_id=153"},"modified":"2024-01-23T13:17:17","modified_gmt":"2024-01-23T16:17:17","slug":"seguros","status":"publish","type":"page","link":"https:\/\/realizanegocial.com.br\/index.php\/seguros\/","title":{"rendered":"Seguros"},"content":{"rendered":"\r\n<h2 class=\"wp-block-heading has-text-align-center\" style=\"font-size:clamp(26.465px, 1.654rem + ((1vw - 3.2px) * 2.106), 45px);\"><mark class=\"has-inline-color\" style=\"background-color: rgba(0, 0, 0, 0); color: #f3813a;\">Seguros<\/mark><\/h2>\r\n\r\n\r\n\r\n<figure class=\"wp-block-image aligncenter size-full\">\r\n<p><img loading=\"lazy\" decoding=\"async\" class=\"aligncenter wp-image-885 size-full\" src=\"https:\/\/realizanegocial.com.br\/wp-content\/uploads\/2024\/01\/grande-1.jpg\" alt=\"\" width=\"750\" height=\"422\" srcset=\"https:\/\/realizanegocial.com.br\/wp-content\/uploads\/2024\/01\/grande-1.jpg 750w, https:\/\/realizanegocial.com.br\/wp-content\/uploads\/2024\/01\/grande-1-300x169.jpg 300w\" sizes=\"(max-width: 750px) 100vw, 750px\" \/><\/p>\r\n<\/figure>\r\n\r\n\r\n\r\n<div class=\"wp-block-columns is-layout-flex wp-container-core-columns-layout-1 wp-block-columns-is-layout-flex\">\r\n<div class=\"wp-block-column is-layout-flow wp-block-column-is-layout-flow\" style=\"flex-basis: 25%;\">\u00a0<\/div>\r\n\r\n\r\n\r\n<div class=\"wp-block-column is-layout-flow wp-block-column-is-layout-flow\" style=\"flex-basis: 50%;\">\r\n<h3 class=\"wp-block-heading has-text-align-center\" style=\"font-size:clamp(18.959px, 1.185rem + ((1vw - 3.2px) * 1.255), 30px);\"><strong>Conhe\u00e7a os\u00a0<mark class=\"has-inline-color\" style=\"background-color: rgba(0, 0, 0, 0); color: #f77f34;\">Seguros\u00a0<\/mark><mark class=\"has-inline-color\" style=\"background-color: rgba(0, 0, 0, 0); color: #004aad;\">Caixa<\/mark><\/strong><\/h3>\r\n\r\n\r\n\r\n<p class=\"has-text-align-justify\" style=\"padding-right: var(--wp--preset--spacing--30); padding-left: var(--wp--preset--spacing--30); font-size:clamp(18.959px, 1.185rem + ((1vw - 3.2px) * 1.255), 30px);\"><strong><mark class=\"has-inline-color\" style=\"background-color: rgba(0, 0, 0, 0); color: #004aad;\">Seguros de vida<\/mark><\/strong><\/p>\r\n\r\n\r\n\r\n<p class=\"has-text-align-justify\" style=\"padding-right: var(--wp--preset--spacing--30); padding-left: var(--wp--preset--spacing--30); font-size:clamp(14.642px, 0.915rem + ((1vw - 3.2px) * 0.836), 22px); text-align: justify;\">Mais seguran\u00e7a e tranquilidade a quem voc\u00ea ama e mais tempo para aproveitar as coisas boas da vida.<\/p>\r\n\r\n\r\n\r\n<p class=\"has-text-align-justify\" style=\"padding-right: var(--wp--preset--spacing--30); padding-left: var(--wp--preset--spacing--30); font-size:clamp(18.959px, 1.185rem + ((1vw - 3.2px) * 1.255), 30px);\"><strong><mark class=\"has-inline-color\" style=\"background-color: rgba(0, 0, 0, 0); color: #004aad;\">Seguro Residencial\/Habitacional<\/mark><\/strong><\/p>\r\n\r\n\r\n\r\n<p class=\"has-text-align-justify\" style=\"padding-right: var(--wp--preset--spacing--30); padding-left: var(--wp--preset--spacing--30); font-size:clamp(14.642px, 0.915rem + ((1vw - 3.2px) * 0.836), 22px); text-align: justify;\">Prote\u00e7\u00e3o e tranquilidade para seu lar, al\u00e9m de servi\u00e7os de assist\u00eancia diferenciados.<\/p>\r\n\r\n\r\n\r\n<p class=\"has-text-align-justify\" style=\"padding-right: var(--wp--preset--spacing--30); padding-left: var(--wp--preset--spacing--30); font-size:clamp(18.959px, 1.185rem + ((1vw - 3.2px) * 1.255), 30px);\"><strong><mark class=\"has-inline-color\" style=\"background-color: rgba(0, 0, 0, 0); color: #004aad;\">Seguro Auto<\/mark><\/strong><\/p>\r\n\r\n\r\n\r\n<p class=\"has-text-align-justify\" style=\"padding-right: var(--wp--preset--spacing--30); padding-left: var(--wp--preset--spacing--30); font-size:clamp(14.642px, 0.915rem + ((1vw - 3.2px) * 0.836), 22px); text-align: justify;\">Cota\u00e7\u00e3o de seguro de autom\u00f3vel com as principais seguradoras do mercado.<\/p>\r\n\r\n\r\n\r\n<p class=\"has-text-align-justify\" style=\"padding-right: var(--wp--preset--spacing--30); padding-left: var(--wp--preset--spacing--30); font-size:clamp(18.959px, 1.185rem + ((1vw - 3.2px) * 1.255), 30px);\"><strong><mark class=\"has-inline-color\" style=\"background-color: rgba(0, 0, 0, 0); color: #004aad;\">Capitaliza\u00e7\u00e3o<\/mark><\/strong><\/p>\r\n\r\n\r\n\r\n<p class=\"has-text-align-justify\" style=\"padding-right: var(--wp--preset--spacing--30); padding-left: var(--wp--preset--spacing--30); font-size:clamp(14.642px, 0.915rem + ((1vw - 3.2px) * 0.836), 22px); text-align: justify;\">Guarde dinheiro e ainda concorra a diversos pr\u00eamios com t\u00edtulos da CAIXA Capitaliza\u00e7\u00e3o. Voc\u00ea recebe de volta todo o valor que pagou ao final do per\u00edodo contratado.<\/p>\r\n\r\n\r\n\r\n<p class=\"has-text-align-justify\" style=\"padding-right: var(--wp--preset--spacing--30); padding-left: var(--wp--preset--spacing--30); font-size:clamp(18.959px, 1.185rem + ((1vw - 3.2px) * 1.255), 30px);\"><strong><mark class=\"has-inline-color\" style=\"background-color: rgba(0, 0, 0, 0); color: #004aad;\">Cons\u00f3rcio<\/mark><\/strong><\/p>\r\n\r\n\r\n\r\n<p class=\"has-text-align-justify\" style=\"padding-right: var(--wp--preset--spacing--30); padding-left: var(--wp--preset--spacing--30); font-size:clamp(14.642px, 0.915rem + ((1vw - 3.2px) * 0.836), 22px); text-align: justify;\">\u200bConquiste seu ve\u00edculo, im\u00f3vel ou m\u00e1quina agr\u00edcola com parcelas acess\u00edveis e sem juros.<\/p>\r\n\r\n\r\n\r\n<p class=\"has-text-align-justify\" style=\"padding-right: var(--wp--preset--spacing--30); padding-left: var(--wp--preset--spacing--30); font-size:clamp(18.959px, 1.185rem + ((1vw - 3.2px) * 1.255), 30px);\"><strong><mark class=\"has-inline-color\" style=\"background-color: rgba(0, 0, 0, 0); color: #004aad;\">Seguro Prestamista<\/mark><\/strong><\/p>\r\n\r\n\r\n\r\n<p class=\"has-text-align-justify\" style=\"padding-right: var(--wp--preset--spacing--30); padding-left: var(--wp--preset--spacing--30); font-size:clamp(14.642px, 0.915rem + ((1vw - 3.2px) * 0.836), 22px);\">O Seguro Prestamista garante o pagamento do seu empr\u00e9stimo na CAIXA em caso de morte ou invalidez total por acidente.<\/p>\r\n\r\n\r\n\r\n<p style=\"padding-right: var(--wp--preset--spacing--30); padding-left: var(--wp--preset--spacing--30); font-size:clamp(18.959px, 1.185rem + ((1vw - 3.2px) * 1.255), 30px);\"><strong><mark class=\"has-inline-color\" style=\"background-color: rgba(0, 0, 0, 0); color: #004aad;\">Rapidex<\/mark><\/strong><\/p>\r\n\r\n\r\n\r\n<p class=\"has-text-align-justify\" style=\"padding-right: var(--wp--preset--spacing--30); padding-left: var(--wp--preset--spacing--30); font-size:clamp(14.642px, 0.915rem + ((1vw - 3.2px) * 0.836), 22px); text-align: justify;\">O Seguro RAPIDEX \u00e9 um pacote de servi\u00e7os para te ajudar com imprevistos relacionados \u00e0 sua resid\u00eancia, moto e carro.<\/p>\r\n<\/div>\r\n\r\n\r\n\r\n<div class=\"wp-block-column is-layout-flow wp-block-column-is-layout-flow\" style=\"flex-basis: 25%;\">\u00a0<\/div>\r\n<\/div>\r\n","protected":false},"excerpt":{"rendered":"<p>Seguros \u00a0 Conhe\u00e7a os\u00a0Seguros\u00a0Caixa Seguros de vida Mais seguran\u00e7a e tranquilidade a quem voc\u00ea ama e mais tempo para aproveitar as coisas boas da vida. Seguro Residencial\/Habitacional Prote\u00e7\u00e3o e tranquilidade para seu lar, al\u00e9m de servi\u00e7os de assist\u00eancia diferenciados. Seguro Auto Cota\u00e7\u00e3o de seguro de autom\u00f3vel com as principais seguradoras do mercado. Capitaliza\u00e7\u00e3o Guarde dinheiro [&hellip;]<\/p>\n","protected":false},"author":1,"featured_media":0,"parent":0,"menu_order":0,"comment_status":"closed","ping_status":"closed","template":"","meta":{"footnotes":"","_joinchat":[]},"_links":{"self":[{"href":"https:\/\/realizanegocial.com.br\/index.php\/wp-json\/wp\/v2\/pages\/153"}],"collection":[{"href":"https:\/\/realizanegocial.com.br\/index.php\/wp-json\/wp\/v2\/pages"}],"about":[{"href":"https:\/\/realizanegocial.com.br\/index.php\/wp-json\/wp\/v2\/types\/page"}],"author":[{"embeddable":true,"href":"https:\/\/realizanegocial.com.br\/index.php\/wp-json\/wp\/v2\/users\/1"}],"replies":[{"embeddable":true,"href":"https:\/\/realizanegocial.com.br\/index.php\/wp-json\/wp\/v2\/comments?post=153"}],"version-history":[{"count":10,"href":"https:\/\/realizanegocial.com.br\/index.php\/wp-json\/wp\/v2\/pages\/153\/revisions"}],"predecessor-version":[{"id":886,"href":"https:\/\/realizanegocial.com.br\/index.php\/wp-json\/wp\/v2\/pages\/153\/revisions\/886"}],"wp:attachment":[{"href":"https:\/\/realizanegocial.com.br\/index.php\/wp-json\/wp\/v2\/media?parent=153"}],"curies":[{"name":"wp","href":"https:\/\/api.w.org\/{rel}","templated":true}]}}