{"id":150,"date":"2023-08-14T14:24:02","date_gmt":"2023-08-14T17:24:02","guid":{"rendered":"https:\/\/amandazenckel18.wordpress.com\/?page_id=150"},"modified":"2024-01-23T09:06:03","modified_gmt":"2024-01-23T12:06:03","slug":"consorcio","status":"publish","type":"page","link":"https:\/\/realizanegocial.com.br\/index.php\/consorcio\/","title":{"rendered":"Cons\u00f3rcio"},"content":{"rendered":"\r\n<h2 class=\"wp-block-heading has-text-align-center\" style=\"font-size:clamp(26.465px, 1.654rem + ((1vw - 3.2px) * 2.106), 45px);\"><mark class=\"has-inline-color\" style=\"background-color: rgba(0, 0, 0, 0); color: #fb8c46;\">Cons\u00f3rcios<\/mark><\/h2>\r\n\r\n\r\n\r\n<figure class=\"wp-block-image aligncenter size-full\"><img loading=\"lazy\" decoding=\"async\" class=\"aligncenter wp-image-852 size-full\" src=\"https:\/\/realizanegocial.com.br\/wp-content\/uploads\/2024\/01\/consorcio-grande.jpg\" alt=\"\" width=\"750\" height=\"422\" srcset=\"https:\/\/realizanegocial.com.br\/wp-content\/uploads\/2024\/01\/consorcio-grande.jpg 750w, https:\/\/realizanegocial.com.br\/wp-content\/uploads\/2024\/01\/consorcio-grande-300x169.jpg 300w\" sizes=\"(max-width: 750px) 100vw, 750px\" \/><\/figure>\r\n\r\n\r\n\r\n<div class=\"wp-block-columns is-layout-flex wp-container-core-columns-layout-1 wp-block-columns-is-layout-flex\">\r\n<div class=\"wp-block-column is-layout-flow wp-block-column-is-layout-flow\" style=\"flex-basis: 25%;\">\u00a0<\/div>\r\n\r\n\r\n\r\n<div class=\"wp-block-column is-layout-flow wp-block-column-is-layout-flow\" style=\"flex-basis: 50%;\">\r\n<h3 class=\"wp-block-heading has-text-align-center\" style=\"font-size:clamp(18.959px, 1.185rem + ((1vw - 3.2px) * 1.255), 30px);\"><strong>Adquira\u00a0<mark class=\"has-inline-color\" style=\"background-color: rgba(0, 0, 0, 0); color: #f98741;\">casa e carro<\/mark>\u00a0de\u00a0forma <mark class=\"has-inline-color\" style=\"background-color: rgba(0, 0, 0, 0); color: #004aad;\">segura\u00a0e planejada<\/mark><mark class=\"has-inline-color has-contrast-color\" style=\"background-color: rgba(0, 0, 0, 0);\">. <\/mark><\/strong><\/h3>\r\n\r\n\r\n\r\n<p class=\"has-text-align-justify\" style=\"padding-right: var(--wp--preset--spacing--30); padding-left: var(--wp--preset--spacing--30); font-size:clamp(18.959px, 1.185rem + ((1vw - 3.2px) * 1.255), 30px);\"><strong><mark class=\"has-inline-color\" style=\"background-color: rgba(0, 0, 0, 0); color: #004aad;\">Cons\u00f3rcio Imobili\u00e1rio<\/mark><\/strong><\/p>\r\n\r\n\r\n\r\n<p class=\"has-text-align-justify\" style=\"padding-right: var(--wp--preset--spacing--30); padding-left: var(--wp--preset--spacing--30); font-size:clamp(14.642px, 0.915rem + ((1vw - 3.2px) * 0.836), 22px); text-align: justify;\">Compre ou reforme sua casa sem juros, com a credibilidade e a experi\u00eancia da CAIXA, o banco refer\u00eancia em habita\u00e7\u00e3o.<\/p>\r\n\r\n\r\n\r\n<p class=\"has-text-align-justify\" style=\"padding-right: var(--wp--preset--spacing--30); padding-left: var(--wp--preset--spacing--30); font-size:clamp(18.959px, 1.185rem + ((1vw - 3.2px) * 1.255), 30px);\"><strong><mark class=\"has-inline-color\" style=\"background-color: rgba(0, 0, 0, 0); color: #004aad;\">Cons\u00f3rcio Auto<\/mark><\/strong><\/p>\r\n\r\n\r\n\r\n<p class=\"has-text-align-justify\" style=\"font-size:clamp(14.642px, 0.915rem + ((1vw - 3.2px) * 0.836), 22px); padding: 0 var(--wp--preset--spacing--30) 0 var(--wp--preset--spacing--30); text-align: justify;\">Ideal para quem quer comprar ou trocar de carro sem pagar juros. Escolha a presta\u00e7\u00e3o de sua prefer\u00eancia e contrate uma Carta de Cr\u00e9dito adequada \u00e0s suas necessidades.<\/p>\r\n<\/div>\r\n\r\n\r\n\r\n<div class=\"wp-block-column is-layout-flow wp-block-column-is-layout-flow\" style=\"flex-basis: 25%;\">\u00a0<\/div>\r\n<\/div>\r\n","protected":false},"excerpt":{"rendered":"<p>Cons\u00f3rcios \u00a0 Adquira\u00a0casa e carro\u00a0de\u00a0forma segura\u00a0e planejada. Cons\u00f3rcio Imobili\u00e1rio Compre ou reforme sua casa sem juros, com a credibilidade e a experi\u00eancia da CAIXA, o banco refer\u00eancia em habita\u00e7\u00e3o. Cons\u00f3rcio Auto Ideal para quem quer comprar ou trocar de carro sem pagar juros. Escolha a presta\u00e7\u00e3o de sua prefer\u00eancia e contrate uma Carta de Cr\u00e9dito [&hellip;]<\/p>\n","protected":false},"author":1,"featured_media":0,"parent":0,"menu_order":0,"comment_status":"closed","ping_status":"closed","template":"","meta":{"footnotes":"","_joinchat":[]},"_links":{"self":[{"href":"https:\/\/realizanegocial.com.br\/index.php\/wp-json\/wp\/v2\/pages\/150"}],"collection":[{"href":"https:\/\/realizanegocial.com.br\/index.php\/wp-json\/wp\/v2\/pages"}],"about":[{"href":"https:\/\/realizanegocial.com.br\/index.php\/wp-json\/wp\/v2\/types\/page"}],"author":[{"embeddable":true,"href":"https:\/\/realizanegocial.com.br\/index.php\/wp-json\/wp\/v2\/users\/1"}],"replies":[{"embeddable":true,"href":"https:\/\/realizanegocial.com.br\/index.php\/wp-json\/wp\/v2\/comments?post=150"}],"version-history":[{"count":8,"href":"https:\/\/realizanegocial.com.br\/index.php\/wp-json\/wp\/v2\/pages\/150\/revisions"}],"predecessor-version":[{"id":853,"href":"https:\/\/realizanegocial.com.br\/index.php\/wp-json\/wp\/v2\/pages\/150\/revisions\/853"}],"wp:attachment":[{"href":"https:\/\/realizanegocial.com.br\/index.php\/wp-json\/wp\/v2\/media?parent=150"}],"curies":[{"name":"wp","href":"https:\/\/api.w.org\/{rel}","templated":true}]}}