{"id":144,"date":"2023-08-14T14:24:00","date_gmt":"2023-08-14T17:24:00","guid":{"rendered":"https:\/\/amandazenckel18.wordpress.com\/?page_id=144"},"modified":"2024-01-23T14:22:01","modified_gmt":"2024-01-23T17:22:01","slug":"cartao-de-credito","status":"publish","type":"page","link":"https:\/\/realizanegocial.com.br\/index.php\/cartao-de-credito\/","title":{"rendered":"Cart\u00e3o de Cr\u00e9dito"},"content":{"rendered":"\r\n<h2 class=\"wp-block-heading has-text-align-center\" style=\"font-size:clamp(26.465px, 1.654rem + ((1vw - 3.2px) * 2.106), 45px);\"><mark class=\"has-inline-color\" style=\"background-color: rgba(0, 0, 0, 0); color: #f98a44;\">Cart\u00e3o de Cr\u00e9dito<\/mark><\/h2>\r\n\r\n\r\n\r\n<figure class=\"wp-block-image aligncenter size-full\"><img loading=\"lazy\" decoding=\"async\" class=\"aligncenter wp-image-898 size-full\" src=\"https:\/\/realizanegocial.com.br\/wp-content\/uploads\/2024\/01\/foto-grande.jpg\" alt=\"\" width=\"750\" height=\"422\" srcset=\"https:\/\/realizanegocial.com.br\/wp-content\/uploads\/2024\/01\/foto-grande.jpg 750w, https:\/\/realizanegocial.com.br\/wp-content\/uploads\/2024\/01\/foto-grande-300x169.jpg 300w\" sizes=\"(max-width: 750px) 100vw, 750px\" \/><\/figure>\r\n\r\n\r\n\r\n<div class=\"wp-block-columns is-layout-flex wp-container-core-columns-layout-1 wp-block-columns-is-layout-flex\">\r\n<div class=\"wp-block-column is-layout-flow wp-block-column-is-layout-flow\" style=\"flex-basis: 25%;\">\u00a0<\/div>\r\n\r\n\r\n\r\n<div class=\"wp-block-column is-layout-flow wp-block-column-is-layout-flow\" style=\"flex-basis: 50%;\">\r\n<h3 class=\"wp-block-heading has-text-align-center\" style=\"font-size:clamp(18.959px, 1.185rem + ((1vw - 3.2px) * 1.255), 30px);\"><strong>Anuidade <mark class=\"has-inline-color\" style=\"background-color: rgba(0, 0, 0, 0); color: #004aad;\">zero<\/mark>, acesso a\u00a0salas <mark class=\"has-inline-color\" style=\"background-color: rgba(0, 0, 0, 0); color: #fd853a;\">VIP<\/mark>, resgate de\u00a0<mark class=\"has-inline-color\" style=\"background-color: rgba(0, 0, 0, 0); color: #fd853a;\">pontos\u00a0<\/mark>no aplicativo e\u00a0<mark class=\"has-inline-color\" style=\"background-color: rgba(0, 0, 0, 0); color: #004aad;\">muito mais<\/mark>!<\/strong><\/h3>\r\n\r\n\r\n\r\n<p style=\"padding-right: var(--wp--preset--spacing--30); padding-left: var(--wp--preset--spacing--30); font-size:clamp(18.959px, 1.185rem + ((1vw - 3.2px) * 1.255), 30px);\"><strong><mark class=\"has-inline-color\" style=\"background-color: rgba(0, 0, 0, 0); color: #004aad;\">App Cart\u00f5es CAIXA<\/mark><\/strong><\/p>\r\n\r\n\r\n\r\n<p class=\"has-text-align-justify\" style=\"font-size:clamp(14.642px, 0.915rem + ((1vw - 3.2px) * 0.836), 22px); padding: 0 var(--wp--preset--spacing--30) 0 var(--wp--preset--spacing--30); text-align: justify;\">Baixe o app e acompanhe suas despesas em tempo real. Com ele, voc\u00ea tamb\u00e9m resgata pontos, desbloqueia seu cart\u00e3o para uso internacional e muito mais. S\u00e3o mais de 30 funcionalidades na palma da sua m\u00e3o.<\/p>\r\n\r\n\r\n\r\n<p style=\"margin-right: var(--wp--preset--spacing--30); margin-left: var(--wp--preset--spacing--30); font-size:clamp(18.959px, 1.185rem + ((1vw - 3.2px) * 1.255), 30px);\"><strong><mark class=\"has-inline-color\" style=\"background-color: rgba(0, 0, 0, 0); color: #004aad;\">Consultar Senha do Cart\u00e3o de Cr\u00e9dito<\/mark><\/strong><\/p>\r\n\r\n\r\n\r\n<p class=\"has-text-align-justify\" style=\"padding-right: var(--wp--preset--spacing--30); padding-left: var(--wp--preset--spacing--30); font-size:clamp(14.642px, 0.915rem + ((1vw - 3.2px) * 0.836), 22px); text-align: justify;\">Para consultar a senha, tenha em m\u00e3os o Cart\u00e3o de Cr\u00e9dito e CPF. Acesse o Internet Banking CAIXA \u2013 Cart\u00f5es \u2013 Cart\u00e3o de Cr\u00e9dito \u2013 Consultar senha. Selecione o cart\u00e3o desejado e preencha os dados solicitados. A senha do cart\u00e3o selecionado aparecer\u00e1 na tela.<\/p>\r\n\r\n\r\n\r\n<p style=\"margin-right: var(--wp--preset--spacing--30); margin-left: var(--wp--preset--spacing--30); font-size:clamp(18.959px, 1.185rem + ((1vw - 3.2px) * 1.255), 30px);\"><strong><mark class=\"has-inline-color\" style=\"background-color: rgba(0, 0, 0, 0); color: #004aad;\">SMS \u2013 Mensagem via Celular<\/mark><\/strong><\/p>\r\n\r\n\r\n\r\n<p class=\"has-text-align-justify\" style=\"margin-right: var(--wp--preset--spacing--30); margin-left: var(--wp--preset--spacing--30); font-size:clamp(14.642px, 0.915rem + ((1vw - 3.2px) * 0.836), 22px); text-align: justify;\">Receba gratuitamente, mensagens SMS com alerta de compras e saques realizados com seu cart\u00e3o de cr\u00e9dito. \u00c9 mais seguro e voc\u00ea controla suas compras do dia a dia. Fa\u00e7a o cadastramento no App Cart\u00f5es CAIXA, Internet Banking ou Central de Atendimento CAIXA.<\/p>\r\n\r\n\r\n\r\n<p style=\"padding-right: var(--wp--preset--spacing--30); padding-left: var(--wp--preset--spacing--30); font-size:clamp(18.959px, 1.185rem + ((1vw - 3.2px) * 1.255), 30px);\"><strong><mark class=\"has-inline-color\" style=\"background-color: rgba(0, 0, 0, 0); color: #004aad;\">Consulta de Faturas<\/mark><\/strong><\/p>\r\n\r\n\r\n\r\n<p class=\"has-text-align-justify\" style=\"padding-right: var(--wp--preset--spacing--30); padding-left: var(--wp--preset--spacing--30); font-size:clamp(14.642px, 0.915rem + ((1vw - 3.2px) * 0.836), 22px); text-align: justify;\">Para contribuir com a sustentabilidade do planeta, a fatura do seu cart\u00e3o de cr\u00e9dito agora \u00e9 digital. Disponibilizamos v\u00e1rios canais para consulta: App Cart\u00f5es, App CAIXA, Internet Banking, e-mail ou extrato da fatura no autoatendimento\/caixa eletr\u00f4nico.<\/p>\r\n\r\n\r\n\r\n<p style=\"padding-right: var(--wp--preset--spacing--30); padding-left: var(--wp--preset--spacing--30); font-size:clamp(18.959px, 1.185rem + ((1vw - 3.2px) * 1.255), 30px);\"><strong><mark class=\"has-inline-color\" style=\"background-color: rgba(0, 0, 0, 0); color: #004aad;\">Solicita\u00e7\u00e3o de Cart\u00e3o Adicional<\/mark><\/strong><\/p>\r\n\r\n\r\n\r\n<p class=\"has-text-align-justify\" style=\"padding-right: var(--wp--preset--spacing--30); padding-left: var(--wp--preset--spacing--30); font-size:clamp(14.642px, 0.915rem + ((1vw - 3.2px) * 0.836), 22px); text-align: justify;\">Quer presentear uma pessoa especial? Ter o controle dos gastos dos seus filhos? Concentrar as despesas da sua casa? Pe\u00e7a um cart\u00e3o adicional! \u00c9 r\u00e1pido e pr\u00e1tico: voc\u00ea pode solicitar pela APP Cart\u00f5es ou pelo Internet Banking.<\/p>\r\n\r\n\r\n\r\n<p style=\"padding-right: var(--wp--preset--spacing--30); padding-left: var(--wp--preset--spacing--30); font-size:clamp(18.959px, 1.185rem + ((1vw - 3.2px) * 1.255), 30px);\"><strong><mark class=\"has-inline-color\" style=\"background-color: rgba(0, 0, 0, 0); color: #004aad;\">Cart\u00e3o Virtual CAIXA<\/mark><\/strong><\/p>\r\n\r\n\r\n\r\n<p class=\"has-text-align-justify\" style=\"padding-right: var(--wp--preset--spacing--30); padding-left: var(--wp--preset--spacing--30); font-size:clamp(14.642px, 0.915rem + ((1vw - 3.2px) * 0.836), 22px); text-align: justify;\">Pra voc\u00ea que j\u00e1 \u00e9 cliente CAIXA, o cart\u00e3o adicional com fun\u00e7\u00e3o de cr\u00e9dito para uso exclusivo em transa\u00e7\u00f5es na internet.<\/p>\r\n\r\n\r\n\r\n<p style=\"padding-right: var(--wp--preset--spacing--30); padding-left: var(--wp--preset--spacing--30); font-size:clamp(18.959px, 1.185rem + ((1vw - 3.2px) * 1.255), 30px);\"><strong><mark class=\"has-inline-color\" style=\"background-color: rgba(0, 0, 0, 0); color: #004aad;\">Programas de pontos Caixa<\/mark><\/strong><\/p>\r\n\r\n\r\n\r\n<p class=\"has-text-align-justify\" style=\"padding-right: var(--wp--preset--spacing--30); padding-left: var(--wp--preset--spacing--30); font-size:clamp(14.642px, 0.915rem + ((1vw - 3.2px) * 0.836), 22px); text-align: justify;\">Com o Programa Pontos CAIXA, voc\u00ea acumula pontos com as suas compras que poder\u00e3o ser convertidos em benef\u00edcios, produtos, servi\u00e7os e viagens nos parceiros TudoAzul, Smiles, LATAM Pass, Tap Miles&amp;Go e Dotz. Usou, ganhou!<\/p>\r\n\r\n\r\n\r\n<p style=\"padding-right: var(--wp--preset--spacing--30); padding-left: var(--wp--preset--spacing--30); font-size:clamp(18.959px, 1.185rem + ((1vw - 3.2px) * 1.255), 30px);\"><strong><mark class=\"has-inline-color\" style=\"background-color: rgba(0, 0, 0, 0); color: #004aad;\">Renegocia\u00e7\u00e3o<\/mark><\/strong><\/p>\r\n\r\n\r\n\r\n<p class=\"has-text-align-justify\" style=\"padding-right: var(--wp--preset--spacing--30); padding-left: var(--wp--preset--spacing--30); font-size:clamp(14.642px, 0.915rem + ((1vw - 3.2px) * 0.836), 22px); text-align: justify;\">Gostaria de efetuar uma renegocia\u00e7\u00e3o de d\u00edvida de cart\u00e3o de cr\u00e9dito? Clique aqui e veja como \u00e9 f\u00e1cil.<\/p>\r\n\r\n\r\n\r\n<p style=\"padding-right: var(--wp--preset--spacing--30); padding-left: var(--wp--preset--spacing--30); font-size:clamp(18.959px, 1.185rem + ((1vw - 3.2px) * 1.255), 30px);\"><strong><mark class=\"has-inline-color\" style=\"background-color: rgba(0, 0, 0, 0); color: #004aad;\">Antecipa\u00e7\u00e3o de parcelas<\/mark><\/strong><\/p>\r\n\r\n\r\n\r\n<p class=\"has-text-align-justify\" style=\"padding-right: var(--wp--preset--spacing--30); padding-left: var(--wp--preset--spacing--30); font-size:clamp(14.642px, 0.915rem + ((1vw - 3.2px) * 0.836), 22px); text-align: justify;\">Voc\u00ea poder\u00e1 antecipar o pagamento de parcelas de suas compras e at\u00e9 mesmo da fatura. Acesse o App Cart\u00f5es CAIXA e fa\u00e7a sua simula\u00e7\u00e3o.<\/p>\r\n\r\n\r\n\r\n<p style=\"font-size:clamp(18.959px, 1.185rem + ((1vw - 3.2px) * 1.255), 30px); padding: 0 var(--wp--preset--spacing--30) 0 var(--wp--preset--spacing--30);\"><strong><mark class=\"has-inline-color\" style=\"background-color: rgba(0, 0, 0, 0); color: #004aad;\">Parcerias<\/mark><\/strong><\/p>\r\n\r\n\r\n\r\n<p class=\"has-text-align-justify\" style=\"padding-right: var(--wp--preset--spacing--30); padding-left: var(--wp--preset--spacing--30); font-size:clamp(14.642px, 0.915rem + ((1vw - 3.2px) * 0.836), 22px); text-align: justify;\">A CAIXA tem parceria com diversas empresas, oferecendo cart\u00f5es exclusivos, com condi\u00e7\u00f5es especiais.<\/p>\r\n\r\n\r\n\r\n<p style=\"font-size:clamp(18.959px, 1.185rem + ((1vw - 3.2px) * 1.255), 30px); padding: 0 var(--wp--preset--spacing--30) 0 var(--wp--preset--spacing--30);\"><strong><mark class=\"has-inline-color\" style=\"background-color: rgba(0, 0, 0, 0); color: #004aad;\">Entenda sua fatura<\/mark><\/strong><\/p>\r\n\r\n\r\n\r\n<p class=\"has-text-align-justify\" style=\"margin-right: var(--wp--preset--spacing--30); margin-left: var(--wp--preset--spacing--30); font-size:clamp(14.642px, 0.915rem + ((1vw - 3.2px) * 0.836), 22px); text-align: justify;\">Entenda as informa\u00e7\u00f5es que est\u00e3o na sua fatura e se o valor total da fatura apertou o or\u00e7amento desse m\u00eas, veja como parcelar.<\/p>\r\n\r\n\r\n\r\n<p style=\"margin-right: var(--wp--preset--spacing--30); margin-left: var(--wp--preset--spacing--30); font-size:clamp(18.959px, 1.185rem + ((1vw - 3.2px) * 1.255), 30px);\"><strong><mark class=\"has-inline-color\" style=\"background-color: rgba(0, 0, 0, 0); color: #004aad;\">Contesta\u00e7\u00e3o<\/mark><\/strong><\/p>\r\n\r\n\r\n\r\n<p class=\"has-text-align-justify\" style=\"padding-right: var(--wp--preset--spacing--30); padding-left: var(--wp--preset--spacing--30); font-size:clamp(14.642px, 0.915rem + ((1vw - 3.2px) * 0.836), 22px); text-align: justify;\">N\u00e3o reconhece ou teve problema com alguma compra? Veja como\u00a0\u00e9 f\u00e1cil\u00a0contestar a compra.<\/p>\r\n<\/div>\r\n\r\n\r\n\r\n<div class=\"wp-block-column is-layout-flow wp-block-column-is-layout-flow\" style=\"flex-basis: 25%;\">\u00a0<\/div>\r\n<\/div>\r\n","protected":false},"excerpt":{"rendered":"<p>Cart\u00e3o de Cr\u00e9dito \u00a0 Anuidade zero, acesso a\u00a0salas VIP, resgate de\u00a0pontos\u00a0no aplicativo e\u00a0muito mais! App Cart\u00f5es CAIXA Baixe o app e acompanhe suas despesas em tempo real. Com ele, voc\u00ea tamb\u00e9m resgata pontos, desbloqueia seu cart\u00e3o para uso internacional e muito mais. S\u00e3o mais de 30 funcionalidades na palma da sua m\u00e3o. Consultar Senha do [&hellip;]<\/p>\n","protected":false},"author":1,"featured_media":0,"parent":0,"menu_order":0,"comment_status":"closed","ping_status":"closed","template":"","meta":{"footnotes":"","_joinchat":[]},"_links":{"self":[{"href":"https:\/\/realizanegocial.com.br\/index.php\/wp-json\/wp\/v2\/pages\/144"}],"collection":[{"href":"https:\/\/realizanegocial.com.br\/index.php\/wp-json\/wp\/v2\/pages"}],"about":[{"href":"https:\/\/realizanegocial.com.br\/index.php\/wp-json\/wp\/v2\/types\/page"}],"author":[{"embeddable":true,"href":"https:\/\/realizanegocial.com.br\/index.php\/wp-json\/wp\/v2\/users\/1"}],"replies":[{"embeddable":true,"href":"https:\/\/realizanegocial.com.br\/index.php\/wp-json\/wp\/v2\/comments?post=144"}],"version-history":[{"count":12,"href":"https:\/\/realizanegocial.com.br\/index.php\/wp-json\/wp\/v2\/pages\/144\/revisions"}],"predecessor-version":[{"id":899,"href":"https:\/\/realizanegocial.com.br\/index.php\/wp-json\/wp\/v2\/pages\/144\/revisions\/899"}],"wp:attachment":[{"href":"https:\/\/realizanegocial.com.br\/index.php\/wp-json\/wp\/v2\/media?parent=144"}],"curies":[{"name":"wp","href":"https:\/\/api.w.org\/{rel}","templated":true}]}}