{"id":140,"date":"2023-08-14T14:23:48","date_gmt":"2023-08-14T17:23:48","guid":{"rendered":"https:\/\/amandazenckel18.wordpress.com\/?page_id=140"},"modified":"2024-01-23T09:01:58","modified_gmt":"2024-01-23T12:01:58","slug":"emprestimos-consignados","status":"publish","type":"page","link":"https:\/\/realizanegocial.com.br\/index.php\/emprestimos-consignados\/","title":{"rendered":"Empr\u00e9stimos Consignados"},"content":{"rendered":"\r\n<h2 class=\"wp-block-heading has-text-align-center\" style=\"font-size:clamp(26.465px, 1.654rem + ((1vw - 3.2px) * 2.106), 45px);\"><mark class=\"has-inline-color\" style=\"background-color: rgba(0, 0, 0, 0); color: #f88a45;\">Empr\u00e9stimos Consignados<\/mark><\/h2>\r\n\r\n\r\n\r\n<figure class=\"wp-block-image aligncenter size-full is-resized\">\r\n<p><img loading=\"lazy\" decoding=\"async\" class=\"aligncenter wp-image-850 size-full\" style=\"width: 750px; height: 422px;\" src=\"https:\/\/realizanegocial.com.br\/wp-content\/uploads\/2024\/01\/emprestimo-grande.jpg\" alt=\"\" width=\"750\" height=\"422\" srcset=\"https:\/\/realizanegocial.com.br\/wp-content\/uploads\/2024\/01\/emprestimo-grande.jpg 750w, https:\/\/realizanegocial.com.br\/wp-content\/uploads\/2024\/01\/emprestimo-grande-300x169.jpg 300w\" sizes=\"(max-width: 750px) 100vw, 750px\" \/><\/p>\r\n<\/figure>\r\n\r\n\r\n\r\n<div class=\"wp-block-columns is-layout-flex wp-container-core-columns-layout-1 wp-block-columns-is-layout-flex\">\r\n<div class=\"wp-block-column is-layout-flow wp-block-column-is-layout-flow\" style=\"flex-basis: 25%;\">\u00a0<\/div>\r\n\r\n\r\n\r\n<div class=\"wp-block-column is-layout-flow wp-block-column-is-layout-flow\" style=\"flex-basis: 50%;\">\r\n<h3 class=\"wp-block-heading has-text-align-center\" style=\"font-size:clamp(18.959px, 1.185rem + ((1vw - 3.2px) * 1.255), 30px);\"><strong>Conhe\u00e7a as <mark class=\"has-inline-color\" style=\"background-color: rgba(0, 0, 0, 0); color: #f6853f;\">vantagens <\/mark><mark class=\"has-inline-color\" style=\"background-color: rgba(0, 0, 0, 0); color: #171717;\">do Empr\u00e9stimo da <\/mark><mark class=\"has-inline-color\" style=\"background-color: rgba(0, 0, 0, 0); color: #004aad;\">Caixa <\/mark><\/strong><\/h3>\r\n\r\n\r\n\r\n<p class=\"has-text-align-justify\" style=\"font-size:clamp(18.959px, 1.185rem + ((1vw - 3.2px) * 1.255), 30px); margin: 0 var(--wp--preset--spacing--30) 0 var(--wp--preset--spacing--30);\"><strong><mark class=\"has-inline-color\" style=\"background-color: rgba(0, 0, 0, 0); color: #004aad;\">Comodidade<\/mark><\/strong><\/p>\r\n\r\n\r\n\r\n<p class=\"has-text-align-justify\" style=\"font-size:clamp(14.642px, 0.915rem + ((1vw - 3.2px) * 0.836), 22px); margin: 0 var(--wp--preset--spacing--30) 0 var(--wp--preset--spacing--30); text-align: justify;\">A presta\u00e7\u00e3o \u00e9 descontada diretamente do seu sal\u00e1rio ou benef\u00edcio do INSS e voc\u00ea pode antecipar a liquida\u00e7\u00e3o quando quiser.<\/p>\r\n\r\n\r\n\r\n<p class=\"has-text-align-justify\" style=\"margin-right: 0; margin-left: 0; padding-right: var(--wp--preset--spacing--30); padding-left: var(--wp--preset--spacing--30); font-size:clamp(18.959px, 1.185rem + ((1vw - 3.2px) * 1.255), 30px);\"><strong><mark class=\"has-inline-color\" style=\"background-color: rgba(0, 0, 0, 0); color: #004aad;\">Agilidade<\/mark><\/strong><\/p>\r\n\r\n\r\n\r\n<p class=\"has-text-align-justify\" style=\"padding-right: var(--wp--preset--spacing--30); padding-left: var(--wp--preset--spacing--30); font-size:clamp(14.642px, 0.915rem + ((1vw - 3.2px) * 0.836), 22px); text-align: justify;\">Esque\u00e7a a burocracia. Com a gente, voc\u00ea n\u00e3o precisa de avalista e seu cr\u00e9dito fica dispon\u00edvel rapidinho.<\/p>\r\n\r\n\r\n\r\n<p class=\"has-text-align-justify\" style=\"padding-right: var(--wp--preset--spacing--30); padding-left: var(--wp--preset--spacing--30); font-size:clamp(18.959px, 1.185rem + ((1vw - 3.2px) * 1.255), 30px);\"><strong><mark class=\"has-inline-color\" style=\"background-color: rgba(0, 0, 0, 0); color: #004aad;\">Seguran\u00e7a e controle<\/mark><\/strong><\/p>\r\n\r\n\r\n\r\n<p class=\"has-text-align-justify\" style=\"padding-right: var(--wp--preset--spacing--30); padding-left: var(--wp--preset--spacing--30); font-size:clamp(14.642px, 0.915rem + ((1vw - 3.2px) * 0.836), 22px); text-align: justify;\">O valor m\u00e1ximo do empr\u00e9stimo \u00e9 calculado de acordo com o seu sal\u00e1rio ou benef\u00edcio e a presta\u00e7\u00e3o n\u00e3o ultrapassa 35% do que voc\u00ea recebe.<\/p>\r\n\r\n\r\n\r\n<p class=\"has-text-align-justify\" style=\"padding-right: var(--wp--preset--spacing--30); padding-left: var(--wp--preset--spacing--30); font-size:clamp(14.642px, 0.915rem + ((1vw - 3.2px) * 0.836), 22px); text-align: justify;\"><strong>Servi\u00e7o dispon\u00edvel somente para funcion\u00e1rios p\u00fablicos, pensionistas e aposentados pelo INSS.<\/strong><\/p>\r\n<\/div>\r\n\r\n\r\n\r\n<div class=\"wp-block-column is-layout-flow wp-block-column-is-layout-flow\" style=\"flex-basis: 25%;\">\u00a0<\/div>\r\n<\/div>\r\n","protected":false},"excerpt":{"rendered":"<p>Empr\u00e9stimos Consignados \u00a0 Conhe\u00e7a as vantagens do Empr\u00e9stimo da Caixa Comodidade A presta\u00e7\u00e3o \u00e9 descontada diretamente do seu sal\u00e1rio ou benef\u00edcio do INSS e voc\u00ea pode antecipar a liquida\u00e7\u00e3o quando quiser. Agilidade Esque\u00e7a a burocracia. Com a gente, voc\u00ea n\u00e3o precisa de avalista e seu cr\u00e9dito fica dispon\u00edvel rapidinho. Seguran\u00e7a e controle O valor m\u00e1ximo [&hellip;]<\/p>\n","protected":false},"author":1,"featured_media":0,"parent":0,"menu_order":0,"comment_status":"closed","ping_status":"closed","template":"","meta":{"footnotes":"","_joinchat":[]},"_links":{"self":[{"href":"https:\/\/realizanegocial.com.br\/index.php\/wp-json\/wp\/v2\/pages\/140"}],"collection":[{"href":"https:\/\/realizanegocial.com.br\/index.php\/wp-json\/wp\/v2\/pages"}],"about":[{"href":"https:\/\/realizanegocial.com.br\/index.php\/wp-json\/wp\/v2\/types\/page"}],"author":[{"embeddable":true,"href":"https:\/\/realizanegocial.com.br\/index.php\/wp-json\/wp\/v2\/users\/1"}],"replies":[{"embeddable":true,"href":"https:\/\/realizanegocial.com.br\/index.php\/wp-json\/wp\/v2\/comments?post=140"}],"version-history":[{"count":9,"href":"https:\/\/realizanegocial.com.br\/index.php\/wp-json\/wp\/v2\/pages\/140\/revisions"}],"predecessor-version":[{"id":851,"href":"https:\/\/realizanegocial.com.br\/index.php\/wp-json\/wp\/v2\/pages\/140\/revisions\/851"}],"wp:attachment":[{"href":"https:\/\/realizanegocial.com.br\/index.php\/wp-json\/wp\/v2\/media?parent=140"}],"curies":[{"name":"wp","href":"https:\/\/api.w.org\/{rel}","templated":true}]}}