{"id":138,"date":"2023-08-14T14:23:53","date_gmt":"2023-08-14T17:23:53","guid":{"rendered":"https:\/\/amandazenckel18.wordpress.com\/?page_id=134"},"modified":"2024-01-23T13:32:57","modified_gmt":"2024-01-23T16:32:57","slug":"financiamento-habitacional","status":"publish","type":"page","link":"https:\/\/realizanegocial.com.br\/index.php\/financiamento-habitacional\/","title":{"rendered":"Financiamento Habitacional"},"content":{"rendered":"\n<h2 class=\"wp-block-heading has-text-align-center\" style=\"font-size:clamp(26.465px, 1.654rem + ((1vw - 3.2px) * 2.106), 45px);\"><mark style=\"background-color: rgba(0, 0, 0, 0); color: #fa843b;\" class=\"has-inline-color\">Financiamento Habitacional <\/mark><\/h2>\n\n\n\n<figure class=\"wp-block-image aligncenter size-full\"><img loading=\"lazy\" decoding=\"async\" class=\"wp-image-846 size-full aligncenter\" src=\"https:\/\/realizanegocial.com.br\/wp-content\/uploads\/2024\/01\/financiamento-habitacional-grande.jpg\" alt=\"\" width=\"750\" height=\"422\" srcset=\"https:\/\/realizanegocial.com.br\/wp-content\/uploads\/2024\/01\/financiamento-habitacional-grande.jpg 750w, https:\/\/realizanegocial.com.br\/wp-content\/uploads\/2024\/01\/financiamento-habitacional-grande-300x169.jpg 300w\" sizes=\"(max-width: 750px) 100vw, 750px\" \/><\/figure>\n\n\n\n<div class=\"wp-block-columns is-layout-flex wp-container-core-columns-layout-1 wp-block-columns-is-layout-flex\">\n<div class=\"wp-block-column is-layout-flow wp-block-column-is-layout-flow\" style=\"flex-basis: 25%;\">\u00a0<\/div>\n\n\n\n<div class=\"wp-block-column is-layout-flow wp-block-column-is-layout-flow\" style=\"flex-basis:50%\">\n<p class=\"has-text-align-justify\" style=\"margin-right:var(--wp--preset--spacing--30);margin-left:var(--wp--preset--spacing--30);padding-right:0;padding-left:0;font-size:clamp(14.642px, 0.915rem + ((1vw - 3.2px) * 0.836), 22px);\"><p class=\"has-text-align-justify\" style=\"margin-right: var(--wp--preset--spacing--30); margin-left: var(--wp--preset--spacing--30); padding-right: 0px; padding-left: 0px; font-size: 22px; text-align: justify;\">O financiamento habitacional da Caixa funciona como uma linha de cr\u00e9dito que permite usufruir de um im\u00f3vel na hora, mas ele fica alienado ao banco. Assim, voc\u00ea paga uma entrada e o restante do valor \u00e9 parcelado, sofrendo o acr\u00e9scimo de juros e outras taxas.<\/p><\/p>\n\n\n\n<p style=\"padding-top:0;padding-right:var(--wp--preset--spacing--30);padding-bottom:0;padding-left:var(--wp--preset--spacing--30);font-size:clamp(18.959px, 1.185rem + ((1vw - 3.2px) * 1.255), 30px);\"><p style=\"font-size: 30px; padding: 0 var(--wp--preset--spacing--30) 0 var(--wp--preset--spacing--30); text-align: justify;\"><strong><mark class=\"has-inline-color\" style=\"background-color: rgba(0, 0, 0, 0); color: #000000;\">Quais s\u00e3os os documentos dispon\u00edveis para&nbsp;<\/mark><mark class=\"has-inline-color\" style=\"background-color: rgba(0, 0, 0, 0); color: #fb8942;\">consulta&nbsp;<\/mark><mark class=\"has-inline-color\" style=\"background-color: rgba(0, 0, 0, 0); color: #000000;\">relacionados ao meu<\/mark><mark class=\"has-inline-color has-custom-cor-1-color\" style=\"background-color: rgba(0, 0, 0, 0);\">&nbsp;<\/mark><mark class=\"has-inline-color\" style=\"background-color: rgba(0, 0, 0, 0); color: #004aad;\">financiamento habitacional<\/mark><mark class=\"has-inline-color\" style=\"background-color: rgba(0, 0, 0, 0); color: #000000;\">?<\/mark><\/strong><\/p><\/p>\n\n\n\n<p style=\"padding-top:0;padding-right:var(--wp--preset--spacing--30);padding-bottom:0;padding-left:var(--wp--preset--spacing--30);font-size:clamp(14.642px, 0.915rem + ((1vw - 3.2px) * 0.836), 22px);\"><p style=\"font-size: 22px; padding: 0 var(--wp--preset--spacing--30) 0 var(--wp--preset--spacing--30);\">\u2022 Declara\u00e7\u00e3o de quita\u00e7\u00e3o anual de d\u00e9bitos;<br>\u2022 Demonstrativo de Valores Pagos;<br>\u2022 Extrato Habitacional para Imposto de Renda;<br>\u2022 Demonstrativo de Evolu\u00e7\u00e3o;<br>\u2022 Documento Descritivo de Cr\u00e9dito.<\/p><\/p>\n<\/div>\n\n\n\n<div class=\"wp-block-column is-layout-flow wp-block-column-is-layout-flow\" style=\"flex-basis: 25%;\">\u00a0<\/div>\n<\/div>\n\n\n\n<div class=\"wp-block-buttons is-content-justification-center is-layout-flex wp-container-core-buttons-layout-1 wp-block-buttons-is-layout-flex\">\n<div class=\"wp-block-button has-custom-width wp-block-button__width-50 has-custom-font-size is-style-outline has-large-font-size\"><a class=\"wp-block-button__link has-base-color has-luminous-vivid-orange-background-color has-text-color has-background has-link-color has-border-color wp-element-button\" href=\"https:\/\/realizanegocial.com.br\/index.php\/simulacao\/\" style=\"border-color:#da5d04;border-width:2px;border-radius:16px;padding-top:0;padding-right:0;padding-bottom:0;padding-left:0\">Clique aqui e fa\u00e7a uma<strong> simula\u00e7\u00e3o! <\/strong><\/a><\/div>\n<\/div>\n","protected":false},"excerpt":{"rendered":"<p>Financiamento Habitacional \u00a0 O financiamento habitacional da Caixa funciona como uma linha de cr\u00e9dito que permite usufruir de um im\u00f3vel na hora, mas ele fica alienado ao banco. Assim, voc\u00ea paga uma entrada e o restante do valor \u00e9 parcelado, sofrendo o acr\u00e9scimo de juros e outras taxas. Quais s\u00e3os os documentos dispon\u00edveis para&nbsp;consulta&nbsp;relacionados ao [&hellip;]<\/p>\n","protected":false},"author":1,"featured_media":0,"parent":0,"menu_order":0,"comment_status":"closed","ping_status":"closed","template":"","meta":{"footnotes":"","_joinchat":[]},"_links":{"self":[{"href":"https:\/\/realizanegocial.com.br\/index.php\/wp-json\/wp\/v2\/pages\/138"}],"collection":[{"href":"https:\/\/realizanegocial.com.br\/index.php\/wp-json\/wp\/v2\/pages"}],"about":[{"href":"https:\/\/realizanegocial.com.br\/index.php\/wp-json\/wp\/v2\/types\/page"}],"author":[{"embeddable":true,"href":"https:\/\/realizanegocial.com.br\/index.php\/wp-json\/wp\/v2\/users\/1"}],"replies":[{"embeddable":true,"href":"https:\/\/realizanegocial.com.br\/index.php\/wp-json\/wp\/v2\/comments?post=138"}],"version-history":[{"count":16,"href":"https:\/\/realizanegocial.com.br\/index.php\/wp-json\/wp\/v2\/pages\/138\/revisions"}],"predecessor-version":[{"id":894,"href":"https:\/\/realizanegocial.com.br\/index.php\/wp-json\/wp\/v2\/pages\/138\/revisions\/894"}],"wp:attachment":[{"href":"https:\/\/realizanegocial.com.br\/index.php\/wp-json\/wp\/v2\/media?parent=138"}],"curies":[{"name":"wp","href":"https:\/\/api.w.org\/{rel}","templated":true}]}}